{"id":4,"date":"2020-05-21T20:54:19","date_gmt":"2020-05-21T20:54:19","guid":{"rendered":"http:\/\/praxis-julia-hahn.de\/?page_id=4"},"modified":"2023-07-11T19:51:44","modified_gmt":"2023-07-11T19:51:44","slug":"praxis-fuer-psychotherapie","status":"publish","type":"page","link":"https:\/\/praxis-julia-hahn.de\/","title":{"rendered":"PRAXIS F\u00dcR PSYCHOTHERAPIE"},"content":{"rendered":"\n<h1 class=\"wp-block-heading\"><strong>Dipl.-Psych. Julia Hahn<\/strong><\/h1>\n\n\n\n<p><strong>In Berlin<\/strong><\/p>\n\n\n\n<p><\/p>\n\n\n\n<p><strong>HERZLICH WILLKOMMEN!<\/strong><\/p>\n\n\n\n<p class=\"has-text-align-left\">Psychische Beschwerden k\u00f6nnen durch verschiedene Ereignisse ausgel\u00f6st werden. Pl\u00f6tzlich wird klar, so kann es nicht weiter gehen. Ich brauche Hilfe, da meine M\u00f6glichkeiten zur \u00dcberwindung der Probleme aufgebraucht sind. Organisch wurde alles abgekl\u00e4rt und dennoch geht es mir schlecht, der Antrieb fehlt, die Arbeit wird zur Qual, ich habe keine Kraft mehr f\u00fcr meine Freunde, Familie, meine Hobbys. Ausl\u00f6ser k\u00f6nnen Entt\u00e4uschung, Verluste, Trennungen von geliebten Menschen sein oder auch \u00dcberlastung durch Arbeit, Krankheit oder Versorgung naher Angeh\u00f6riger. Es kann dann zu verschiedenen psychischen oder auch k\u00f6rperlichen Beschwerden kommen. <\/p>\n\n\n\n<p class=\"has-text-align-left\">Neben der Analyse der Hier und Jetzt- Situation beziehe ich immer auch die Entwicklung in der fr\u00fchen Kindheit und der Jugendzeit mit ein. Mein besonderes Interesse gilt der transgenerationalen Weitergabe von Traumata. Unverarbeitete, traumatische Erlebnisse der Eltern und Gro\u00dfeltern k\u00f6nnen in das Leben der n\u00e4chsten Generation mit hineinwirken und sich negativ auswirken. Deshalb geh\u00f6rt auch die Frage nach dem Leben der Eltern- und Gro\u00dfelterngeneration dazu, insbesondere nach Kriegs-, Flucht- und Immigrationserfahrungen. Extremerfahrungen der Eltern oder Gro\u00dfeltern k\u00f6nnen das Leben sehr nachhaltig beeinflussen und zu besonderen \u00dcberlebensstrategien gef\u00fchrt haben, die aber nicht selten sp\u00e4ter ein normales Leben verhindern und auf Dauer zur physischen und psychischen \u00dcberlastung f\u00fchren. In diesen F\u00e4llen ist es f\u00fcr die \u00dcberwindung von psychischen Beschwerden wichtig neue M\u00f6glichkeiten f\u00fcr sich selbst zu entwickeln und zu leben. Aber auch Ressourcen erkennen und zu aktivieren. Zentraler Bestandteil der Therapie ist die Reflexion der fr\u00fchen Beziehungen unter Hinzuziehung geeigneter Techniken (z.B. Traumanalyse, Genogrammarbeit, Imagination, Entspannungs- Achtsamkeits\u00fcbungen).<\/p>\n\n\n\n<hr class=\"wp-block-separator has-css-opacity is-style-wide\"\/>\n\n\n\n<h2 class=\"wp-block-heading\">Qualifikation:<\/h2>\n\n\n\n<p>Aus- und Weiterbildung am Mitteldeutschen Institut f\u00fcr Psychotherapie&nbsp; (MIP), APB (Arbeitsgemeinschaft f\u00fcr Psychoanalyse u. Psychotherapie Berlin e.V.)&nbsp;und am KBAP (K\u00f6ln-Bonner Akademie f\u00fcr Psychotherapie) in Tiefenpsychologischer Psychotherapie, Psychoanalyse, K\u00f6rpertherapie, Einzel- und Gruppentherapie unter Ber\u00fccksichtigung neuster Kenntnisse der S\u00e4uglingsbeobachtung und Traumaforschung<\/p>\n\n\n\n<p>Lehranalytikerin und Supervisorin am MIP<\/p>\n\n\n\n<p>Dozentin am MIP <\/p>\n\n\n\n<p>Approbation als Psychologische Psychotherapeutin 1999<\/p>\n\n\n\n<p>Studium und Abschluss Psychologie an der TU Dresden als Diplompsychologin mit der Spezialisierung Arbeit- und Organisationspsychologie von 1982 bis 1988<\/p>\n\n\n\n<hr class=\"wp-block-separator has-css-opacity is-style-wide\"\/>\n\n\n\n<h2 class=\"wp-block-heading\">Angebote:<\/h2>\n\n\n\n<p>Ich biete tiefenpsychologisch-orientierte und psychoanalytische Psychotherapie f\u00fcr Erwachsene, Kinder- und Jugendliche &nbsp;an Behandlung bei: <\/p>\n\n\n\n<ul class=\"wp-block-list\">\n<li>\u00c4ngsten und Panik<\/li>\n\n\n\n<li>Anpassungsst\u00f6rungen<\/li>\n\n\n\n<li>Burn-Out<\/li>\n\n\n\n<li>Depression<\/li>\n\n\n\n<li>Pers\u00f6nlichkeitsst\u00f6rungen<\/li>\n<\/ul>\n\n\n\n<p>Einzel- oder Gruppentherapie<\/p>\n\n\n\n<p>Supervision<\/p>\n\n\n\n<p>Selbsterfahrung<\/p>\n\n\n\n<p><\/p>\n","protected":false},"excerpt":{"rendered":"<p>Dipl.-Psych. Julia Hahn In Berlin HERZLICH WILLKOMMEN! Psychische Beschwerden k\u00f6nnen durch verschiedene Ereignisse ausgel\u00f6st werden. Pl\u00f6tzlich wird klar, so kann es nicht weiter gehen. Ich brauche Hilfe, da meine M\u00f6glichkeiten zur \u00dcberwindung der Probleme aufgebraucht sind. Organisch wurde alles abgekl\u00e4rt und dennoch geht es mir schlecht, der Antrieb fehlt, die Arbeit wird zur Qual, ich &hellip; <\/p>\n<p class=\"link-more\"><a href=\"https:\/\/praxis-julia-hahn.de\/\" class=\"more-link\"><span class=\"screen-reader-text\">\u201ePRAXIS F\u00dcR PSYCHOTHERAPIE\u201c <\/span>weiterlesen<\/a><\/p>\n","protected":false},"author":1,"featured_media":0,"parent":0,"menu_order":0,"comment_status":"closed","ping_status":"closed","template":"","meta":{"footnotes":""},"class_list":["post-4","page","type-page","status-publish","hentry"],"_links":{"self":[{"href":"https:\/\/praxis-julia-hahn.de\/index.php?rest_route=\/wp\/v2\/pages\/4","targetHints":{"allow":["GET"]}}],"collection":[{"href":"https:\/\/praxis-julia-hahn.de\/index.php?rest_route=\/wp\/v2\/pages"}],"about":[{"href":"https:\/\/praxis-julia-hahn.de\/index.php?rest_route=\/wp\/v2\/types\/page"}],"author":[{"embeddable":true,"href":"https:\/\/praxis-julia-hahn.de\/index.php?rest_route=\/wp\/v2\/users\/1"}],"replies":[{"embeddable":true,"href":"https:\/\/praxis-julia-hahn.de\/index.php?rest_route=%2Fwp%2Fv2%2Fcomments&post=4"}],"version-history":[{"count":22,"href":"https:\/\/praxis-julia-hahn.de\/index.php?rest_route=\/wp\/v2\/pages\/4\/revisions"}],"predecessor-version":[{"id":85,"href":"https:\/\/praxis-julia-hahn.de\/index.php?rest_route=\/wp\/v2\/pages\/4\/revisions\/85"}],"wp:attachment":[{"href":"https:\/\/praxis-julia-hahn.de\/index.php?rest_route=%2Fwp%2Fv2%2Fmedia&parent=4"}],"curies":[{"name":"wp","href":"https:\/\/api.w.org\/{rel}","templated":true}]}}