{"id":40,"date":"2020-05-21T21:25:33","date_gmt":"2020-05-21T21:25:33","guid":{"rendered":"http:\/\/praxis-julia-hahn.de\/?page_id=40"},"modified":"2020-05-21T21:25:33","modified_gmt":"2020-05-21T21:25:33","slug":"mitgliedschaften","status":"publish","type":"page","link":"https:\/\/praxis-julia-hahn.de\/?page_id=40","title":{"rendered":"Mitgliedschaften"},"content":{"rendered":"\n<h2 class=\"wp-block-heading\">Mitgliedschaften<\/h2>\n\n\n\n<p>Deutsche Gesellschaft f\u00fcr Psychoanalyse und Tiefenpsychologie DGPT<\/p>\n\n\n\n<p>Mitteldeutsches Institut f\u00fcr Psychotherapie MIP<\/p>\n\n\n\n<p>Berufsverband f\u00fcr Vertragspsychotherapeuten BVVP<\/p>\n\n\n\n<p>Approbiertes Mitglied der Psychotherapeutenkammer Berlin<\/p>\n\n\n\n<p>Kassen\u00e4rztliche Vereinigung Berlin<\/p>\n\n\n\n<h2 class=\"wp-block-heading\">KV-Zulassung<\/h2>\n\n\n\n<p>Als tiefenpsychologische und psychoanalytische Psychotherapeutin f\u00fcr Einzel- und Gruppentherapie f\u00fcr Erwachsene, Jugendliche und Kinder<\/p>\n\n\n\n<p>Entspannungsverfahren<\/p>\n\n\n\n<h2 class=\"wp-block-heading\">Abrechnung<\/h2>\n\n\n\n<p>Kosten\u00fcbernahme durch alle gesetzlichen Krankenkassen<\/p>\n\n\n\n<p>Private Krankenkassen entsprechend ihres Versicherungsvertrags <\/p>\n\n\n\n<p>Privatzahler<\/p>\n","protected":false},"excerpt":{"rendered":"<p>Mitgliedschaften Deutsche Gesellschaft f\u00fcr Psychoanalyse und Tiefenpsychologie DGPT Mitteldeutsches Institut f\u00fcr Psychotherapie MIP Berufsverband f\u00fcr Vertragspsychotherapeuten BVVP Approbiertes Mitglied der Psychotherapeutenkammer Berlin Kassen\u00e4rztliche Vereinigung Berlin KV-Zulassung Als tiefenpsychologische und psychoanalytische Psychotherapeutin f\u00fcr Einzel- und Gruppentherapie f\u00fcr Erwachsene, Jugendliche und Kinder Entspannungsverfahren Abrechnung Kosten\u00fcbernahme durch alle gesetzlichen Krankenkassen Private Krankenkassen entsprechend ihres Versicherungsvertrags Privatzahler<\/p>\n","protected":false},"author":1,"featured_media":0,"parent":0,"menu_order":0,"comment_status":"closed","ping_status":"closed","template":"","meta":{"footnotes":""},"class_list":["post-40","page","type-page","status-publish","hentry"],"_links":{"self":[{"href":"https:\/\/praxis-julia-hahn.de\/index.php?rest_route=\/wp\/v2\/pages\/40","targetHints":{"allow":["GET"]}}],"collection":[{"href":"https:\/\/praxis-julia-hahn.de\/index.php?rest_route=\/wp\/v2\/pages"}],"about":[{"href":"https:\/\/praxis-julia-hahn.de\/index.php?rest_route=\/wp\/v2\/types\/page"}],"author":[{"embeddable":true,"href":"https:\/\/praxis-julia-hahn.de\/index.php?rest_route=\/wp\/v2\/users\/1"}],"replies":[{"embeddable":true,"href":"https:\/\/praxis-julia-hahn.de\/index.php?rest_route=%2Fwp%2Fv2%2Fcomments&post=40"}],"version-history":[{"count":1,"href":"https:\/\/praxis-julia-hahn.de\/index.php?rest_route=\/wp\/v2\/pages\/40\/revisions"}],"predecessor-version":[{"id":41,"href":"https:\/\/praxis-julia-hahn.de\/index.php?rest_route=\/wp\/v2\/pages\/40\/revisions\/41"}],"wp:attachment":[{"href":"https:\/\/praxis-julia-hahn.de\/index.php?rest_route=%2Fwp%2Fv2%2Fmedia&parent=40"}],"curies":[{"name":"wp","href":"https:\/\/api.w.org\/{rel}","templated":true}]}}